{"id":193,"date":"2017-02-20T09:18:12","date_gmt":"2017-02-20T09:18:12","guid":{"rendered":"http:\/\/ogvs.de\/?page_id=193"},"modified":"2017-08-01T16:04:05","modified_gmt":"2017-08-01T16:04:05","slug":"schulwald","status":"publish","type":"page","link":"https:\/\/ogvs.de\/?page_id=193","title":{"rendered":"Schaugarten"},"content":{"rendered":"<section  class='av_textblock_section av-av_textblock-0366cc7376be6c9e82a3e9cc8987b64f'  itemscope=\"itemscope\" itemtype=\"https:\/\/schema.org\/CreativeWork\" ><div class='avia_textblock'  itemprop=\"text\" ><p><strong>Seeshaupter Schaugarten<\/strong><\/p>\n<p>Die Staudeng\u00e4rtnermeister Helmut Klug und Barbara Kopf aus Seeshaupt entwickelten 2001\/2002 die Idee eines gro\u00dfen Gartens f\u00fcr Alle, in dem f\u00fcr den Gartenliebhaber zu sehen ist, welche Vielfalt man mit Stauden langj\u00e4hrig verwirklichen kann. Damit die Besucher alle Pflanzen und die Ausschilderung gut vom Weg aus sehen k\u00f6nnen, entstand eine Wegef\u00fchrung, die schmale Beete erm\u00f6glicht und von oben betrachtet eine stilisierte Bl\u00fcte darstellt. Au\u00dferdem wurden die Beete nicht nur mit Stauden und Geh\u00f6lzen, sondern auch mit historischen Rosen, Zweijahresblumen sowie Zwiebelgew\u00e4chsen gestaltet. Die Beete wurden verschiedenen Lebensbereichen zugeordnet. Biologische Prinzipien waren bei der Gestaltung ein wesentliches Kriterium und finden bei der laufenden Pflege Ber\u00fccksichtigung.<\/p>\n<p>Die Pflege des Schaugartens wurde bis 2016 \u00fcberwiegend von Mitgliedern des Ortsgestaltungs- und Versch\u00f6nerungsvereins ehrenamtlich geleistet, die sich in den Monaten April bis Oktober jeden zweiten Samstag im Monat getroffen haben.<\/p>\n<p>Seit 2017 ist der Schaugarten nicht mehr Bestandteil des OGVS. Es hat sich ein neuer Verein gegr\u00fcndet &#8211; mehr unter www.seeshaupter-schaugarten.de<\/p>\n<\/div><\/section>\n\n<style type=\"text\/css\" data-created_by=\"avia_inline_auto\" id=\"style-css-av-av_one_full-9497bbf8bff73ea4c6992cc17fa9ec36\">\n.flex_column.av-av_one_full-9497bbf8bff73ea4c6992cc17fa9ec36{\nborder-radius:0px 0px 0px 0px;\n-webkit-border-radius:0px 0px 0px 0px;\n-moz-border-radius:0px 0px 0px 0px;\n}\n<\/style>\n<div class='flex_column av-av_one_full-9497bbf8bff73ea4c6992cc17fa9ec36 av_one_full  avia-builder-el-1  el_after_av_textblock  avia-builder-el-last  first flex_column_div av-zero-column-padding column-top-margin'   ><div id='av-masonry-1' class='av-masonry av-av_masonry_gallery-e891aa5f318c5553e5a0bd0f37debd74 noHover av-fixed-size av-large-gap av-hover-overlay-active av-masonry-animation-active av-masonry-col-4 av-caption-always av-caption-style- av-masonry-gallery '><div class=\"av-masonry-container isotope av-js-disabled\"><div class='av-masonry-entry isotope-item av-masonry-item-no-image '><\/div><a href=\"https:\/\/ogvs.de\/wp-content\/uploads\/2017\/02\/SAM_9659_Schaugarten_04.jpg\" data-srcset=\"https:\/\/ogvs.de\/wp-content\/uploads\/2017\/02\/SAM_9659_Schaugarten_04.jpg 640w, https:\/\/ogvs.de\/wp-content\/uploads\/2017\/02\/SAM_9659_Schaugarten_04-300x225.jpg 300w, https:\/\/ogvs.de\/wp-content\/uploads\/2017\/02\/SAM_9659_Schaugarten_04-450x338.jpg 450w\" data-sizes=\"(max-width: 640px) 100vw, 640px\"  aria-label=\"Bild Schaugarten 04\"  id='av-masonry-1-item-383' data-av-masonry-item='383' class='av-masonry-entry isotope-item post-383 attachment type-attachment status-inherit hentry  av-masonry-item-with-image av-grid-img' title=\"Schaugarten 04\" alt=\"\"   itemprop=\"thumbnailUrl\" ><div class='av-inner-masonry-sizer'><\/div><figure class='av-inner-masonry main_color'><div class=\"av-masonry-outerimage-container\"><div class='av-masonry-image-container' style=\"background-image: url(https:\/\/ogvs.de\/wp-content\/uploads\/2017\/02\/SAM_9659_Schaugarten_04.jpg);\"  title=\"Schaugarten 04\"  ><\/div><\/div><\/figure><\/a><!--end av-masonry entry--><a href=\"https:\/\/ogvs.de\/wp-content\/uploads\/2017\/02\/SAM_9660_Schaugarten_05.jpg\" data-srcset=\"https:\/\/ogvs.de\/wp-content\/uploads\/2017\/02\/SAM_9660_Schaugarten_05.jpg 640w, https:\/\/ogvs.de\/wp-content\/uploads\/2017\/02\/SAM_9660_Schaugarten_05-300x225.jpg 300w, https:\/\/ogvs.de\/wp-content\/uploads\/2017\/02\/SAM_9660_Schaugarten_05-450x338.jpg 450w\" data-sizes=\"(max-width: 640px) 100vw, 640px\"  aria-label=\"Bild Schaugarten 05\"  id='av-masonry-1-item-382' data-av-masonry-item='382' class='av-masonry-entry isotope-item post-382 attachment type-attachment status-inherit hentry  av-masonry-item-with-image av-grid-img' title=\"Schaugarten 05\" alt=\"\"   itemprop=\"thumbnailUrl\" ><div class='av-inner-masonry-sizer'><\/div><figure class='av-inner-masonry main_color'><div class=\"av-masonry-outerimage-container\"><div class='av-masonry-image-container' style=\"background-image: url(https:\/\/ogvs.de\/wp-content\/uploads\/2017\/02\/SAM_9660_Schaugarten_05.jpg);\"  title=\"Schaugarten 05\"  ><\/div><\/div><\/figure><\/a><!--end av-masonry entry--><a href=\"https:\/\/ogvs.de\/wp-content\/uploads\/2017\/02\/SAM_9646_Schaugarten_08.jpg\" data-srcset=\"https:\/\/ogvs.de\/wp-content\/uploads\/2017\/02\/SAM_9646_Schaugarten_08.jpg 640w, https:\/\/ogvs.de\/wp-content\/uploads\/2017\/02\/SAM_9646_Schaugarten_08-300x225.jpg 300w, https:\/\/ogvs.de\/wp-content\/uploads\/2017\/02\/SAM_9646_Schaugarten_08-450x338.jpg 450w\" data-sizes=\"(max-width: 640px) 100vw, 640px\"  aria-label=\"Bild Schaugarten 08\"  id='av-masonry-1-item-381' data-av-masonry-item='381' class='av-masonry-entry isotope-item post-381 attachment type-attachment status-inherit hentry  av-masonry-item-with-image av-grid-img' title=\"Schaugarten 08\" alt=\"\"   itemprop=\"thumbnailUrl\" ><div class='av-inner-masonry-sizer'><\/div><figure class='av-inner-masonry main_color'><div class=\"av-masonry-outerimage-container\"><div class='av-masonry-image-container' style=\"background-image: url(https:\/\/ogvs.de\/wp-content\/uploads\/2017\/02\/SAM_9646_Schaugarten_08.jpg);\"  title=\"Schaugarten 08\"  ><\/div><\/div><\/figure><\/a><!--end av-masonry entry--><a href=\"https:\/\/ogvs.de\/wp-content\/uploads\/2017\/02\/SAM_9648_Schaugarten_07.jpg\" data-srcset=\"https:\/\/ogvs.de\/wp-content\/uploads\/2017\/02\/SAM_9648_Schaugarten_07.jpg 640w, https:\/\/ogvs.de\/wp-content\/uploads\/2017\/02\/SAM_9648_Schaugarten_07-300x225.jpg 300w, https:\/\/ogvs.de\/wp-content\/uploads\/2017\/02\/SAM_9648_Schaugarten_07-450x338.jpg 450w\" data-sizes=\"(max-width: 640px) 100vw, 640px\"  aria-label=\"Bild Schaugarten 07\"  id='av-masonry-1-item-380' data-av-masonry-item='380' class='av-masonry-entry isotope-item post-380 attachment type-attachment status-inherit hentry  av-masonry-item-with-image av-grid-img' title=\"Schaugarten 07\" alt=\"\"   itemprop=\"thumbnailUrl\" ><div class='av-inner-masonry-sizer'><\/div><figure class='av-inner-masonry main_color'><div class=\"av-masonry-outerimage-container\"><div class='av-masonry-image-container' style=\"background-image: url(https:\/\/ogvs.de\/wp-content\/uploads\/2017\/02\/SAM_9648_Schaugarten_07.jpg);\"  title=\"Schaugarten 07\"  ><\/div><\/div><\/figure><\/a><!--end av-masonry entry--><a href=\"https:\/\/ogvs.de\/wp-content\/uploads\/2017\/02\/SAM_9651_Schaugarten_01.jpg\" data-srcset=\"https:\/\/ogvs.de\/wp-content\/uploads\/2017\/02\/SAM_9651_Schaugarten_01.jpg 640w, https:\/\/ogvs.de\/wp-content\/uploads\/2017\/02\/SAM_9651_Schaugarten_01-300x225.jpg 300w, https:\/\/ogvs.de\/wp-content\/uploads\/2017\/02\/SAM_9651_Schaugarten_01-450x338.jpg 450w\" data-sizes=\"(max-width: 640px) 100vw, 640px\"  aria-label=\"Bild Schaugarten 01\"  id='av-masonry-1-item-379' data-av-masonry-item='379' class='av-masonry-entry isotope-item post-379 attachment type-attachment status-inherit hentry  av-masonry-item-with-image av-grid-img' title=\"Schaugarten 01\" alt=\"\"   itemprop=\"thumbnailUrl\" ><div class='av-inner-masonry-sizer'><\/div><figure class='av-inner-masonry main_color'><div class=\"av-masonry-outerimage-container\"><div class='av-masonry-image-container' style=\"background-image: url(https:\/\/ogvs.de\/wp-content\/uploads\/2017\/02\/SAM_9651_Schaugarten_01.jpg);\"  title=\"Schaugarten 01\"  ><\/div><\/div><\/figure><\/a><!--end av-masonry entry--><a href=\"https:\/\/ogvs.de\/wp-content\/uploads\/2017\/02\/SAM_9652_Schaugarten_02.jpg\" data-srcset=\"https:\/\/ogvs.de\/wp-content\/uploads\/2017\/02\/SAM_9652_Schaugarten_02.jpg 640w, https:\/\/ogvs.de\/wp-content\/uploads\/2017\/02\/SAM_9652_Schaugarten_02-300x225.jpg 300w, https:\/\/ogvs.de\/wp-content\/uploads\/2017\/02\/SAM_9652_Schaugarten_02-450x338.jpg 450w\" data-sizes=\"(max-width: 640px) 100vw, 640px\"  aria-label=\"Bild Schaugarten 02\"  id='av-masonry-1-item-378' data-av-masonry-item='378' class='av-masonry-entry isotope-item post-378 attachment type-attachment status-inherit hentry  av-masonry-item-with-image av-grid-img' title=\"Schaugarten 02\" alt=\"\"   itemprop=\"thumbnailUrl\" ><div class='av-inner-masonry-sizer'><\/div><figure class='av-inner-masonry main_color'><div class=\"av-masonry-outerimage-container\"><div class='av-masonry-image-container' style=\"background-image: url(https:\/\/ogvs.de\/wp-content\/uploads\/2017\/02\/SAM_9652_Schaugarten_02.jpg);\"  title=\"Schaugarten 02\"  ><\/div><\/div><\/figure><\/a><!--end av-masonry entry--><a href=\"https:\/\/ogvs.de\/wp-content\/uploads\/2017\/02\/SAM_9653_Schaugarten_03.jpg\" data-srcset=\"https:\/\/ogvs.de\/wp-content\/uploads\/2017\/02\/SAM_9653_Schaugarten_03.jpg 640w, https:\/\/ogvs.de\/wp-content\/uploads\/2017\/02\/SAM_9653_Schaugarten_03-300x225.jpg 300w, https:\/\/ogvs.de\/wp-content\/uploads\/2017\/02\/SAM_9653_Schaugarten_03-450x338.jpg 450w\" data-sizes=\"(max-width: 640px) 100vw, 640px\"  aria-label=\"Bild Schaugarten 03\"  id='av-masonry-1-item-377' data-av-masonry-item='377' class='av-masonry-entry isotope-item post-377 attachment type-attachment status-inherit hentry  av-masonry-item-with-image av-grid-img' title=\"Schaugarten 03\" alt=\"\"   itemprop=\"thumbnailUrl\" ><div class='av-inner-masonry-sizer'><\/div><figure class='av-inner-masonry main_color'><div class=\"av-masonry-outerimage-container\"><div class='av-masonry-image-container' style=\"background-image: url(https:\/\/ogvs.de\/wp-content\/uploads\/2017\/02\/SAM_9653_Schaugarten_03.jpg);\"  title=\"Schaugarten 03\"  ><\/div><\/div><\/figure><\/a><!--end av-masonry entry--><a href=\"https:\/\/ogvs.de\/wp-content\/uploads\/2017\/02\/SAM_9656_Schaugarten_06.jpg\" data-srcset=\"https:\/\/ogvs.de\/wp-content\/uploads\/2017\/02\/SAM_9656_Schaugarten_06.jpg 640w, https:\/\/ogvs.de\/wp-content\/uploads\/2017\/02\/SAM_9656_Schaugarten_06-300x225.jpg 300w, https:\/\/ogvs.de\/wp-content\/uploads\/2017\/02\/SAM_9656_Schaugarten_06-450x338.jpg 450w\" data-sizes=\"(max-width: 640px) 100vw, 640px\"  aria-label=\"Bild Schaugarten 06\"  id='av-masonry-1-item-376' data-av-masonry-item='376' class='av-masonry-entry isotope-item post-376 attachment type-attachment status-inherit hentry  av-masonry-item-with-image av-grid-img' title=\"Schaugarten 06\" alt=\"\"   itemprop=\"thumbnailUrl\" ><div class='av-inner-masonry-sizer'><\/div><figure class='av-inner-masonry main_color'><div class=\"av-masonry-outerimage-container\"><div class='av-masonry-image-container' style=\"background-image: url(https:\/\/ogvs.de\/wp-content\/uploads\/2017\/02\/SAM_9656_Schaugarten_06.jpg);\"  title=\"Schaugarten 06\"  ><\/div><\/div><\/figure><\/a><!--end av-masonry entry--><\/div><div class='av-masonry-pagination av-masonry-pagination-pagination'><nav class='pagination'><span class='pagination-meta'>Seite 1 von 0<\/span><\/nav>\n<\/div><\/div><\/div>\n","protected":false},"excerpt":{"rendered":"","protected":false},"author":1,"featured_media":0,"parent":9,"menu_order":120,"comment_status":"closed","ping_status":"closed","template":"","meta":{"footnotes":""},"class_list":["post-193","page","type-page","status-publish","hentry"],"_links":{"self":[{"href":"https:\/\/ogvs.de\/index.php?rest_route=\/wp\/v2\/pages\/193","targetHints":{"allow":["GET"]}}],"collection":[{"href":"https:\/\/ogvs.de\/index.php?rest_route=\/wp\/v2\/pages"}],"about":[{"href":"https:\/\/ogvs.de\/index.php?rest_route=\/wp\/v2\/types\/page"}],"author":[{"embeddable":true,"href":"https:\/\/ogvs.de\/index.php?rest_route=\/wp\/v2\/users\/1"}],"replies":[{"embeddable":true,"href":"https:\/\/ogvs.de\/index.php?rest_route=%2Fwp%2Fv2%2Fcomments&post=193"}],"version-history":[{"count":11,"href":"https:\/\/ogvs.de\/index.php?rest_route=\/wp\/v2\/pages\/193\/revisions"}],"predecessor-version":[{"id":812,"href":"https:\/\/ogvs.de\/index.php?rest_route=\/wp\/v2\/pages\/193\/revisions\/812"}],"up":[{"embeddable":true,"href":"https:\/\/ogvs.de\/index.php?rest_route=\/wp\/v2\/pages\/9"}],"wp:attachment":[{"href":"https:\/\/ogvs.de\/index.php?rest_route=%2Fwp%2Fv2%2Fmedia&parent=193"}],"curies":[{"name":"wp","href":"https:\/\/api.w.org\/{rel}","templated":true}]}}