{"id":196,"date":"2017-02-20T09:19:45","date_gmt":"2017-02-20T09:19:45","guid":{"rendered":"http:\/\/ogvs.de\/?page_id=196"},"modified":"2017-07-26T14:20:19","modified_gmt":"2017-07-26T14:20:19","slug":"dampfersteg","status":"publish","type":"page","link":"https:\/\/ogvs.de\/?page_id=196","title":{"rendered":"Uferpromenade"},"content":{"rendered":"<p><strong>Uferpromenade<\/strong><\/p>\n<p>Die Umgestaltung der Freifl\u00e4chen um den Seeshaupter Schiffsanleger und der Seepromenade war das Thema einer Semesterarbeit am Lehrstuhl Gestalten im Freiraum an der Akademie der Bildenden K\u00fcnste in M\u00fcnchen, die der Ortsgestaltungs- und Versch\u00f6nerungsvereins Seeshaupt e.V. (OGVS) im Sommer 2011 initiiert und finanziell unterst\u00fctzt hat.<\/p>\n<p>M\u00f6glichkeiten der Seeufergestaltung waren auch das Thema eines Vortrags der Landschaftsarchitekten Rita Lex-Kerfers und Robert Kerfers aus Bockhorn\/M\u00fcnchen, die im Oktober 2011 ihre preisgekr\u00f6nten Wettbewerbsentw\u00fcrfe f\u00fcr Starnberg und Die\u00dfen in Seeshaupt vorstellten.<\/p>\n<p>Der OGVS hat einige Erkenntnisse aus den Studentenarbeiten und dem Vortrag der Landschaftsplaner Lex-Kerfers zusammengefasst. Sie sollen dem Seeshaupter Gemeinderat und\/oder m\u00f6glichen Arbeitsgruppen, die sich im Rahmen der geplanten Dorferneuerung voraussichtlich auch mit einer Umgestaltung des Seeufers besch\u00e4ftigen werden, als Anregung dienen.<\/p>\n<p><a href=\"https:\/\/ogvs.de\/wp-content\/uploads\/2017\/02\/Seeufer-Zusammenfassung.pdf\" target=\"_blank\" rel=\"noopener\">Zusammenfassung Uferpromenade &#8211; Arbeiten 2011<\/a><\/p>\n<p>Dar\u00fcber hinaus stellen wir Ihnen an dieser Stelle auch die Ausarbeitung zum Studienprojekt der Akademie der Bildenden K\u00fcnste M\u00fcnchen komplett zur Verf\u00fcgung:<\/p>\n<p>Leben am Ufer &#8211;\u00a0Zum Umgang mit der Uferpromenade in Seeshaupt<\/p>\n<p>Ein Studienprojekt &#8211;\u00a0Sommersemerster 2011<\/p>\n<p>Akademie der Bildenden K\u00fcnste M\u00fcnchen<br \/>\nLehrstuhl f\u00fcr Gestalten im Freiraum<br \/>\nStudiengang Innenarchitektur<\/p>\n<p><a href=\"https:\/\/ogvs.de\/wp-content\/uploads\/2017\/02\/SemesterarbeitSeeufer.pdf\" target=\"_blank\" rel=\"noopener\">Semesterarbeit Seeufer &#8211; Sommer 2011<\/a><\/p>\n","protected":false},"excerpt":{"rendered":"<p>Uferpromenade Die Umgestaltung der Freifl\u00e4chen um den Seeshaupter Schiffsanleger und der Seepromenade war das Thema einer Semesterarbeit am Lehrstuhl Gestalten im Freiraum an der Akademie der Bildenden K\u00fcnste in M\u00fcnchen, die der Ortsgestaltungs- und Versch\u00f6nerungsvereins Seeshaupt e.V. (OGVS) im Sommer 2011 initiiert und finanziell unterst\u00fctzt hat. M\u00f6glichkeiten der Seeufergestaltung waren auch das Thema eines Vortrags [&hellip;]<\/p>\n","protected":false},"author":1,"featured_media":0,"parent":189,"menu_order":20,"comment_status":"closed","ping_status":"closed","template":"","meta":{"footnotes":""},"class_list":["post-196","page","type-page","status-publish","hentry"],"_links":{"self":[{"href":"https:\/\/ogvs.de\/index.php?rest_route=\/wp\/v2\/pages\/196","targetHints":{"allow":["GET"]}}],"collection":[{"href":"https:\/\/ogvs.de\/index.php?rest_route=\/wp\/v2\/pages"}],"about":[{"href":"https:\/\/ogvs.de\/index.php?rest_route=\/wp\/v2\/types\/page"}],"author":[{"embeddable":true,"href":"https:\/\/ogvs.de\/index.php?rest_route=\/wp\/v2\/users\/1"}],"replies":[{"embeddable":true,"href":"https:\/\/ogvs.de\/index.php?rest_route=%2Fwp%2Fv2%2Fcomments&post=196"}],"version-history":[{"count":9,"href":"https:\/\/ogvs.de\/index.php?rest_route=\/wp\/v2\/pages\/196\/revisions"}],"predecessor-version":[{"id":764,"href":"https:\/\/ogvs.de\/index.php?rest_route=\/wp\/v2\/pages\/196\/revisions\/764"}],"up":[{"embeddable":true,"href":"https:\/\/ogvs.de\/index.php?rest_route=\/wp\/v2\/pages\/189"}],"wp:attachment":[{"href":"https:\/\/ogvs.de\/index.php?rest_route=%2Fwp%2Fv2%2Fmedia&parent=196"}],"curies":[{"name":"wp","href":"https:\/\/api.w.org\/{rel}","templated":true}]}}