{"id":202,"date":"2017-02-20T09:20:55","date_gmt":"2017-02-20T09:20:55","guid":{"rendered":"http:\/\/ogvs.de\/?page_id=202"},"modified":"2017-06-22T09:55:29","modified_gmt":"2017-06-22T09:55:29","slug":"begruessungsschilder","status":"publish","type":"page","link":"https:\/\/ogvs.de\/?page_id=202","title":{"rendered":"Begr\u00fc\u00dfungsschilder"},"content":{"rendered":"<p><strong>Entwurf eines Ortseingangsschildes f\u00fcr Seeshaupt &#8211; Mai 2014<\/strong><\/p>\n<p>Bei der Hauptversammlung haben wir angek\u00fcndigt, dass der Verein Entw\u00fcrfe f\u00fcr ein Ortseingangsschild f\u00fcr Seeshaupt (\u201eGr\u00fc\u00df Gott in Seeshaupt\u201c) erarbeiten lassen wird. Diese Entw\u00fcrfe konnten inzwischen im Gemeinderat vorgestellt werden. Eine Arbeitsgruppe mit B\u00fcrgermeister Michael Bernwieser, Vertretern des Gemeinderats und aus verschiedenen Seeshaupter Vereinen wird auf der Basis der vorgelegten Entw\u00fcrfe im Herbst \u00fcber die endg\u00fcltige Gestaltung der Schilder entscheiden.<\/p>\n<p><strong>Anlass<\/strong><\/p>\n<p>Die Gemeinde Seeshaupt soll an den Ausfall- bzw. Einfallstra\u00dfen der Gemeinde neben amtlichen gelben Ortsschildern neue Willkommensschilder erhalten. Der OGVS m\u00f6chte der Gemeinde drei bis vier Gestaltungsvorschl\u00e4ge zur Auswahl vorlegen.<\/p>\n<p>Die Dokumentation der \u00a0Vorschl\u00e4ge von vier Grafikern stellen wir Ihnen hier zur Verf\u00fcgung:\u00a0<a href=\"https:\/\/ogvs.de\/wp-content\/uploads\/2017\/02\/Gestaltung-Ortsschild.pdf\" target=\"_blank\">Gestaltung Ortsschild (6,4 MB)<\/a><\/p>\n","protected":false},"excerpt":{"rendered":"<p>Entwurf eines Ortseingangsschildes f\u00fcr Seeshaupt &#8211; Mai 2014 Bei der Hauptversammlung haben wir angek\u00fcndigt, dass der Verein Entw\u00fcrfe f\u00fcr ein Ortseingangsschild f\u00fcr Seeshaupt (\u201eGr\u00fc\u00df Gott in Seeshaupt\u201c) erarbeiten lassen wird. Diese Entw\u00fcrfe konnten inzwischen im Gemeinderat vorgestellt werden. Eine Arbeitsgruppe mit B\u00fcrgermeister Michael Bernwieser, Vertretern des Gemeinderats und aus verschiedenen Seeshaupter Vereinen wird auf der [&hellip;]<\/p>\n","protected":false},"author":1,"featured_media":0,"parent":189,"menu_order":10,"comment_status":"closed","ping_status":"closed","template":"","meta":{"footnotes":""},"class_list":["post-202","page","type-page","status-publish","hentry"],"_links":{"self":[{"href":"https:\/\/ogvs.de\/index.php?rest_route=\/wp\/v2\/pages\/202","targetHints":{"allow":["GET"]}}],"collection":[{"href":"https:\/\/ogvs.de\/index.php?rest_route=\/wp\/v2\/pages"}],"about":[{"href":"https:\/\/ogvs.de\/index.php?rest_route=\/wp\/v2\/types\/page"}],"author":[{"embeddable":true,"href":"https:\/\/ogvs.de\/index.php?rest_route=\/wp\/v2\/users\/1"}],"replies":[{"embeddable":true,"href":"https:\/\/ogvs.de\/index.php?rest_route=%2Fwp%2Fv2%2Fcomments&post=202"}],"version-history":[{"count":7,"href":"https:\/\/ogvs.de\/index.php?rest_route=\/wp\/v2\/pages\/202\/revisions"}],"predecessor-version":[{"id":302,"href":"https:\/\/ogvs.de\/index.php?rest_route=\/wp\/v2\/pages\/202\/revisions\/302"}],"up":[{"embeddable":true,"href":"https:\/\/ogvs.de\/index.php?rest_route=\/wp\/v2\/pages\/189"}],"wp:attachment":[{"href":"https:\/\/ogvs.de\/index.php?rest_route=%2Fwp%2Fv2%2Fmedia&parent=202"}],"curies":[{"name":"wp","href":"https:\/\/api.w.org\/{rel}","templated":true}]}}