{"id":206,"date":"2017-02-20T09:22:35","date_gmt":"2017-02-20T09:22:35","guid":{"rendered":"http:\/\/ogvs.de\/?page_id=206"},"modified":"2017-07-19T15:30:24","modified_gmt":"2017-07-19T15:30:24","slug":"baudenkmaeler","status":"publish","type":"page","link":"https:\/\/ogvs.de\/?page_id=206","title":{"rendered":"Baudenkm\u00e4ler"},"content":{"rendered":"<h3>Baudenkm\u00e4ler<\/h3>\n<p><strong>Forsthaus in der Bahnhofstra\u00dfe<\/strong><\/p>\n<p>Auf der vergangenen Jahresversammlung begr\u00fcndete der Leiter des Forstbetriebes Bad T\u00f6lz, weshalb das 1865 erbaute, nicht unter Denkmalschutz stehende Forsthaus in der Bahnhofstra\u00dfe abgerissen und durch einen eingeschossigen B\u00fcrotrakt ersetzt werden m\u00fcsste. Nachdem auch ein Vorsto\u00df seitens der Gemeinde Seeshaupt bei Landwirtschaftsminister Brunner als Vorsitzendem des Aufsichtsrates der Bayerischen Staatsforsten ohne Erfolg blieb, hat sich der OGVS direkt an das bayerische Landesamt f\u00fcr Denkmalpflege gewandt. Ein Kontakt zu der Leiterin, die f\u00fcr die denkmalgesch\u00fctzten Geb\u00e4ude zust\u00e4ndig ist, war zun\u00e4chst nicht m\u00f6glich, da sie sehr lange erkrankt war. Mit Beharrlichkeit erreichten wir endlich nach vielen Wochen, dass im Juli eine Fachkraft aus der Denkmalschutzbeh\u00f6rde zusammen mit dem zust\u00e4ndigen Vertreter des Landratsamtes zu einem Ortstermin nach Seeshaupt erschien, um eine m\u00f6gliche Denkmaleigenschaft des Forsthauses zu pr\u00fcfen.<\/p>\n<h3><img loading=\"lazy\" decoding=\"async\" class=\"size-full wp-image-696 alignleft\" src=\"https:\/\/ogvs.de\/wp-content\/uploads\/2017\/02\/f_2012_10_forsthaus.jpg\" alt=\"\" width=\"550\" height=\"355\" srcset=\"https:\/\/ogvs.de\/wp-content\/uploads\/2017\/02\/f_2012_10_forsthaus.jpg 550w, https:\/\/ogvs.de\/wp-content\/uploads\/2017\/02\/f_2012_10_forsthaus-300x194.jpg 300w, https:\/\/ogvs.de\/wp-content\/uploads\/2017\/02\/f_2012_10_forsthaus-450x290.jpg 450w\" sizes=\"auto, (max-width: 550px) 100vw, 550px\" \/><\/h3>\n<p>In dem darauf folgenden Bericht des Bayerischen Landesamtes f\u00fcr Denkmalpflege vom September wurde ausf\u00fchrlich begr\u00fcndet, weshalb das Forsthaus mit Nebengeb\u00e4uden die Anforderung an denkmalgesch\u00fctzte Geb\u00e4ude erf\u00fcllt und deshalb in die Denkmalliste nachgetragen wird. Dem Forsthaus wird n\u00e4mlich eine wichtige geschichtliche und volkskundliche Bedeutung zugewiesen. Es bildet ein aussagef\u00e4higes Beispiel f\u00fcr die zahlreichen, heute aber nur noch selten erhaltenen Forsthausbauten, die verst\u00e4rkt ab der Mitte des 19. Jahrhunderts entstanden sind. Es wird darauf hingewiesen, dass der historische Baubestand mit seiner gehobenen Ausstattung anschaulich Leben und Wohnen in einem Forsthaus in der Mitte des 19. Jahrhunderts widerspiegelt. Au\u00dferdem besitze das qualit\u00e4tvoll gestaltete Forstanwesen eine wichtige k\u00fcnstlerisch-architektonische Bedeutung. \u201eAls Verputzbau mit Kniestock, giebelseitiger Laube, weitem Dach\u00fcberstand und vorkragenden Balkenk\u00f6pfen nimmt es die Bautradition des bayerischen Oberlandes auf. Zugleich setzt es in der Gestaltung der Baudetails mit dem Ineinander von gotischen und sp\u00e4tklassizistischen Formen die Errungenschaften des damals neuartigen Maximiliansstils um.\u201c Die Dachkonstruktion mit verk\u00fcrzten Firstpfetten besitze baukonstruktionsgeschichtliche bzw. wissenschaftliche Bedeutung.<\/p>\n<p>Der OGVS kann schon ein wenig stolz darauf sein, dass letztlich auf seine Initiative das Forsthaus in der Bahnhofstra\u00dfe nicht abgebrochen werden darf und so als ortspr\u00e4gendes Geb\u00e4ude noch lange erhalten bleibt. Der Forstbetrieb will nun in aller Ruhe \u00fcberlegen, wie es in Seeshaupt weitergeht. Der OGVS hat sich im Oktober an B\u00fcrgermeister Bernwieser gewandt, mit der Bitte, nochmals auf den Forstbetrieb Bad T\u00f6lz zuzugehen und ihm mitzuteilen, dass er als Bauherr auf dem forsteigenen Grundst\u00fcck in Seeshaupt nach wie vor sehr willkommen ist. Vielleicht k\u00f6nne die Gemeinde auch ein gewisses Entgegenkommen bei der Bauplanung signalisieren. B\u00fcrgermeister Bernwieser sagte in einem Antwortschreiben zu, mit den zust\u00e4ndigen Personen in Verbindung zu bleiben.<\/p>\n<p>vr, April 2013<\/p>\n<p>&nbsp;<\/p>\n","protected":false},"excerpt":{"rendered":"<p>Baudenkm\u00e4ler Forsthaus in der Bahnhofstra\u00dfe Auf der vergangenen Jahresversammlung begr\u00fcndete der Leiter des Forstbetriebes Bad T\u00f6lz, weshalb das 1865 erbaute, nicht unter Denkmalschutz stehende Forsthaus in der Bahnhofstra\u00dfe abgerissen und durch einen eingeschossigen B\u00fcrotrakt ersetzt werden m\u00fcsste. Nachdem auch ein Vorsto\u00df seitens der Gemeinde Seeshaupt bei Landwirtschaftsminister Brunner als Vorsitzendem des Aufsichtsrates der Bayerischen Staatsforsten [&hellip;]<\/p>\n","protected":false},"author":1,"featured_media":0,"parent":9,"menu_order":40,"comment_status":"closed","ping_status":"closed","template":"","meta":{"footnotes":""},"class_list":["post-206","page","type-page","status-publish","hentry"],"_links":{"self":[{"href":"https:\/\/ogvs.de\/index.php?rest_route=\/wp\/v2\/pages\/206","targetHints":{"allow":["GET"]}}],"collection":[{"href":"https:\/\/ogvs.de\/index.php?rest_route=\/wp\/v2\/pages"}],"about":[{"href":"https:\/\/ogvs.de\/index.php?rest_route=\/wp\/v2\/types\/page"}],"author":[{"embeddable":true,"href":"https:\/\/ogvs.de\/index.php?rest_route=\/wp\/v2\/users\/1"}],"replies":[{"embeddable":true,"href":"https:\/\/ogvs.de\/index.php?rest_route=%2Fwp%2Fv2%2Fcomments&post=206"}],"version-history":[{"count":8,"href":"https:\/\/ogvs.de\/index.php?rest_route=\/wp\/v2\/pages\/206\/revisions"}],"predecessor-version":[{"id":698,"href":"https:\/\/ogvs.de\/index.php?rest_route=\/wp\/v2\/pages\/206\/revisions\/698"}],"up":[{"embeddable":true,"href":"https:\/\/ogvs.de\/index.php?rest_route=\/wp\/v2\/pages\/9"}],"wp:attachment":[{"href":"https:\/\/ogvs.de\/index.php?rest_route=%2Fwp%2Fv2%2Fmedia&parent=206"}],"curies":[{"name":"wp","href":"https:\/\/api.w.org\/{rel}","templated":true}]}}