{"id":208,"date":"2017-02-20T09:22:54","date_gmt":"2017-02-20T09:22:54","guid":{"rendered":"http:\/\/ogvs.de\/?page_id=208"},"modified":"2017-07-01T06:21:39","modified_gmt":"2017-07-01T06:21:39","slug":"naturdenkmaeler","status":"publish","type":"page","link":"https:\/\/ogvs.de\/?page_id=208","title":{"rendered":"Naturdenkm\u00e4ler"},"content":{"rendered":"\n<style type=\"text\/css\" data-created_by=\"avia_inline_auto\" id=\"style-css-av-av_one_full-9497bbf8bff73ea4c6992cc17fa9ec36\">\n.flex_column.av-av_one_full-9497bbf8bff73ea4c6992cc17fa9ec36{\nborder-radius:0px 0px 0px 0px;\n-webkit-border-radius:0px 0px 0px 0px;\n-moz-border-radius:0px 0px 0px 0px;\n}\n<\/style>\n<div class='flex_column av-av_one_full-9497bbf8bff73ea4c6992cc17fa9ec36 av_one_full  avia-builder-el-0  el_before_av_one_half  avia-builder-el-first  first flex_column_div av-zero-column-padding '   ><section  class='av_textblock_section av-av_textblock-0366cc7376be6c9e82a3e9cc8987b64f'  itemscope=\"itemscope\" itemtype=\"https:\/\/schema.org\/CreativeWork\" ><div class='avia_textblock'  itemprop=\"text\" ><p><strong>Seeshaupts Naturdenkm\u00e4ler<\/strong><\/p>\n<p>Nicht nur Gebautem, sondern auch Gewachsenem kann der Rang eines Denkmals zugesprochen werden. \u201eAls Naturdenkmal qualifiziert sich eine Hervorbringung der Natur, angesichts deren imposanter Erscheinung sich der Mensch innerlich verneigt\u201c, ist zum Beispiel \u00fcber die Definition entsprechender Objekte zu lesen. Oder sachlicher: Ein Naturdenkmal ist ein unter Naturschutz gestelltes Landschaftselement. Es kann ein einzeln stehendes oder vorkommendes Gebilde oder auch ein Gebiet oder Gebilde mit einer beschr\u00e4nkten Fl\u00e4che sein. Meist handelt es sich um markante Einzelb\u00e4ume oder um geologische Besonderheiten.<\/p>\n<p>Ein Naturdenkmal wird durch die Untere Naturschutzbeh\u00f6rde ausgewiesen. Es wird gekennzeichnet durch ein kleines auf dem Kopf stehendes Dreieck (10 cm) mit einer gr\u00fcnen Umrandung und einer schwarzen Beschriftung \u201eNaturdenkmal\u201c. Darunter befindet sich ein fliegender Seeadler auf wei\u00dfem Grund. Es gilt daf\u00fcr ein weitgehendes Ver\u00e4nderungsverbot.<\/p>\n<p>In Seeshaupt gibt es vier Naturdenkm\u00e4ler:<\/p>\n<\/div><\/section><\/div>\n\n<style type=\"text\/css\" data-created_by=\"avia_inline_auto\" id=\"style-css-av-av_one_half-9497bbf8bff73ea4c6992cc17fa9ec36\">\n.flex_column.av-av_one_half-9497bbf8bff73ea4c6992cc17fa9ec36{\nborder-radius:0px 0px 0px 0px;\n-webkit-border-radius:0px 0px 0px 0px;\n-moz-border-radius:0px 0px 0px 0px;\n}\n<\/style>\n<div class='flex_column av-av_one_half-9497bbf8bff73ea4c6992cc17fa9ec36 av_one_half  avia-builder-el-2  el_after_av_one_full  el_before_av_one_half  first flex_column_div av-zero-column-padding column-top-margin'   ><section  class='av_textblock_section av-av_textblock-0366cc7376be6c9e82a3e9cc8987b64f'  itemscope=\"itemscope\" itemtype=\"https:\/\/schema.org\/CreativeWork\" ><div class='avia_textblock'  itemprop=\"text\" ><p><strong><em>1. Stieleiche<\/em><\/strong><\/p>\n<p>Ort: Grundst\u00fcck Osterseenstr. 25<br \/>\nDurchmesser in Brusth\u00f6he: 118 cm<br \/>\nStammumfang: 370 cm<br \/>\nH\u00f6he: 18 m<br \/>\nKronendurchmesser: 20 m<br \/>\nAlter: etwa 120 Jahre<br \/>\nNaturdenkmal seit 1976<br \/>\nDer Baum ist weitgehend gesund und wird ab einer H\u00f6he von 3 m doppelst\u00e4mmig<\/p>\n<\/div><\/section><\/div>\n\n<style type=\"text\/css\" data-created_by=\"avia_inline_auto\" id=\"style-css-av-av_one_half-9c1d454dc06f7247226bc4e8f931daae\">\n.flex_column.av-av_one_half-9c1d454dc06f7247226bc4e8f931daae{\nborder-radius:0px 0px 0px 0px;\n-webkit-border-radius:0px 0px 0px 0px;\n-moz-border-radius:0px 0px 0px 0px;\n}\n<\/style>\n<div class='flex_column av-av_one_half-9c1d454dc06f7247226bc4e8f931daae av_one_half  avia-builder-el-4  el_after_av_one_half  el_before_av_one_half  flex_column_div av-zero-column-padding column-top-margin'   ><p>\n<style type=\"text\/css\" data-created_by=\"avia_inline_auto\" id=\"style-css-av-av_image-6707c66df7ce4c46ea6e0de72cce5ff7\">\n.avia-image-container.av-av_image-6707c66df7ce4c46ea6e0de72cce5ff7 .av-image-caption-overlay-center{\ncolor:#ffffff;\n}\n<\/style>\n<div  class='avia-image-container av-av_image-6707c66df7ce4c46ea6e0de72cce5ff7 av-styling- av-hover-grow avia-align-center  avia-builder-el-5  el_before_av_image  avia-builder-el-first '  itemprop=\"image\" itemscope=\"itemscope\" itemtype=\"https:\/\/schema.org\/ImageObject\" ><div class=\"avia-image-container-inner\"><div class=\"avia-image-overlay-wrap\"><img decoding=\"async\" class='wp-image-372 avia-img-lazy-loading-not-372 avia_image' src=\"https:\/\/ogvs.de\/wp-content\/uploads\/2017\/02\/SAM_9664_Stieleiche_Osterseenstr.jpg\" alt='' title='Stieleiche Osterseenstra\u00dfe'  height=\"640\" width=\"480\"  itemprop=\"thumbnailUrl\" srcset=\"https:\/\/ogvs.de\/wp-content\/uploads\/2017\/02\/SAM_9664_Stieleiche_Osterseenstr.jpg 480w, https:\/\/ogvs.de\/wp-content\/uploads\/2017\/02\/SAM_9664_Stieleiche_Osterseenstr-225x300.jpg 225w, https:\/\/ogvs.de\/wp-content\/uploads\/2017\/02\/SAM_9664_Stieleiche_Osterseenstr-450x600.jpg 450w\" sizes=\"(max-width: 480px) 100vw, 480px\" \/><\/div><\/div><\/div><br \/>\n<\/p><\/div>\n\n<style type=\"text\/css\" data-created_by=\"avia_inline_auto\" id=\"style-css-av-av_one_half-9497bbf8bff73ea4c6992cc17fa9ec36\">\n.flex_column.av-av_one_half-9497bbf8bff73ea4c6992cc17fa9ec36{\nborder-radius:0px 0px 0px 0px;\n-webkit-border-radius:0px 0px 0px 0px;\n-moz-border-radius:0px 0px 0px 0px;\n}\n<\/style>\n<div class='flex_column av-av_one_half-9497bbf8bff73ea4c6992cc17fa9ec36 av_one_half  avia-builder-el-7  el_after_av_one_half  el_before_av_one_half  first flex_column_div av-zero-column-padding column-top-margin'   ><section  class='av_textblock_section av-av_textblock-0366cc7376be6c9e82a3e9cc8987b64f'  itemscope=\"itemscope\" itemtype=\"https:\/\/schema.org\/CreativeWork\" ><div class='avia_textblock'  itemprop=\"text\" ><p><strong><em>2. Linde<\/em><\/strong><\/p>\n<p>Ort: Einfahrt zum W\u00fcrmseest\u00fcberl<br \/>\nDurchmesser in Brusth\u00f6he: 128 cm<br \/>\nStammumfang in Brusth\u00f6he: 402 cm<br \/>\nH\u00f6he: 25 m<br \/>\nKronendurchmesser: 20 m<br \/>\nAlter: etwa 160 Jahre<br \/>\nNaturdenkmal seit 1987<br \/>\nDer Baum weist am Stammfu\u00df im Nordosten eine gr\u00f6\u00dfere Faulstelle auf und wird ab einer H\u00f6he von 3 bzw. 4 m dreist\u00e4mmig.<\/p>\n<\/div><\/section><\/div>\n\n<style type=\"text\/css\" data-created_by=\"avia_inline_auto\" id=\"style-css-av-av_one_half-9c1d454dc06f7247226bc4e8f931daae\">\n.flex_column.av-av_one_half-9c1d454dc06f7247226bc4e8f931daae{\nborder-radius:0px 0px 0px 0px;\n-webkit-border-radius:0px 0px 0px 0px;\n-moz-border-radius:0px 0px 0px 0px;\n}\n<\/style>\n<div class='flex_column av-av_one_half-9c1d454dc06f7247226bc4e8f931daae av_one_half  avia-builder-el-9  el_after_av_one_half  el_before_av_one_half  flex_column_div av-zero-column-padding column-top-margin'   ><style type=\"text\/css\" data-created_by=\"avia_inline_auto\" id=\"style-css-av-av_image-dac6a7ff4b6c409067a696673d87a522\">\n.avia-image-container.av-av_image-dac6a7ff4b6c409067a696673d87a522 .av-image-caption-overlay-center{\ncolor:#ffffff;\n}\n<\/style>\n<div  class='avia-image-container av-av_image-dac6a7ff4b6c409067a696673d87a522 av-styling- av-hover-grow avia-align-center  avia-builder-el-10  avia-builder-el-no-sibling '  itemprop=\"image\" itemscope=\"itemscope\" itemtype=\"https:\/\/schema.org\/ImageObject\" ><div class=\"avia-image-container-inner\"><div class=\"avia-image-overlay-wrap\"><img decoding=\"async\" class='wp-image-355 avia-img-lazy-loading-not-355 avia_image' src=\"https:\/\/ogvs.de\/wp-content\/uploads\/2017\/02\/SAM_8133_Ausschnitt_Linde-W\u00fcrmseest\u00fcberl.jpg\" alt='' title='SAMSUNG CAMERA PICTURES'  height=\"640\" width=\"480\"  itemprop=\"thumbnailUrl\" srcset=\"https:\/\/ogvs.de\/wp-content\/uploads\/2017\/02\/SAM_8133_Ausschnitt_Linde-W\u00fcrmseest\u00fcberl.jpg 480w, https:\/\/ogvs.de\/wp-content\/uploads\/2017\/02\/SAM_8133_Ausschnitt_Linde-W\u00fcrmseest\u00fcberl-225x300.jpg 225w, https:\/\/ogvs.de\/wp-content\/uploads\/2017\/02\/SAM_8133_Ausschnitt_Linde-W\u00fcrmseest\u00fcberl-450x600.jpg 450w\" sizes=\"(max-width: 480px) 100vw, 480px\" \/><\/div><\/div><\/div><\/div>\n\n<style type=\"text\/css\" data-created_by=\"avia_inline_auto\" id=\"style-css-av-av_one_half-9497bbf8bff73ea4c6992cc17fa9ec36\">\n.flex_column.av-av_one_half-9497bbf8bff73ea4c6992cc17fa9ec36{\nborder-radius:0px 0px 0px 0px;\n-webkit-border-radius:0px 0px 0px 0px;\n-moz-border-radius:0px 0px 0px 0px;\n}\n<\/style>\n<div class='flex_column av-av_one_half-9497bbf8bff73ea4c6992cc17fa9ec36 av_one_half  avia-builder-el-11  el_after_av_one_half  el_before_av_one_half  first flex_column_div av-zero-column-padding column-top-margin'   ><section  class='av_textblock_section av-av_textblock-0366cc7376be6c9e82a3e9cc8987b64f'  itemscope=\"itemscope\" itemtype=\"https:\/\/schema.org\/CreativeWork\" ><div class='avia_textblock'  itemprop=\"text\" ><p><strong><em>3. Linde<\/em><\/strong><\/p>\n<p>Ort: Kriegerdenkmal<br \/>\nDurchmesser in Brusth\u00f6he: 160 cm<br \/>\nStammumfang in Brusth\u00f6he: 501 cm<br \/>\nH\u00f6he: 20 m<br \/>\nKronendurchmesser: 22 m<br \/>\nAlter: etwa 200 Jahre<br \/>\nNaturdenkmal seit 1987<br \/>\nDer Baum erscheint \u00e4u\u00dferlich gesund und wird bereits ab einer H\u00f6he von 2 m dreist\u00e4mmig, weiter oben verzweigt er sich noch mehrmals.<\/p>\n<p>Neben diesen Naturdenkm\u00e4lern gibt es in Seeshaupt viele weitere beeindruckende B\u00e4ume und landschaftliche Besonderheiten.<\/p>\n<p>Dr. Volker Rausch<br \/>\nMai 2011<\/p>\n<\/div><\/section><\/div>\n\n<style type=\"text\/css\" data-created_by=\"avia_inline_auto\" id=\"style-css-av-av_one_half-9c1d454dc06f7247226bc4e8f931daae\">\n.flex_column.av-av_one_half-9c1d454dc06f7247226bc4e8f931daae{\nborder-radius:0px 0px 0px 0px;\n-webkit-border-radius:0px 0px 0px 0px;\n-moz-border-radius:0px 0px 0px 0px;\n}\n<\/style>\n<div class='flex_column av-av_one_half-9c1d454dc06f7247226bc4e8f931daae av_one_half  avia-builder-el-13  el_after_av_one_half  el_before_av_one_half  flex_column_div av-zero-column-padding column-top-margin'   ><style type=\"text\/css\" data-created_by=\"avia_inline_auto\" id=\"style-css-av-av_image-6535f14fdf138855c033f20b4deb9988\">\n.avia-image-container.av-av_image-6535f14fdf138855c033f20b4deb9988 .av-image-caption-overlay-center{\ncolor:#ffffff;\n}\n<\/style>\n<div  class='avia-image-container av-av_image-6535f14fdf138855c033f20b4deb9988 av-styling- av-hover-grow avia-align-center  avia-builder-el-14  avia-builder-el-no-sibling '  itemprop=\"image\" itemscope=\"itemscope\" itemtype=\"https:\/\/schema.org\/ImageObject\" ><div class=\"avia-image-container-inner\"><div class=\"avia-image-overlay-wrap\"><img decoding=\"async\" class='wp-image-612 avia-img-lazy-loading-not-612 avia_image' src=\"https:\/\/ogvs.de\/wp-content\/uploads\/2017\/02\/SAM_9711_480x640.jpg\" alt='' title='Linde Kirche'  height=\"640\" width=\"480\"  itemprop=\"thumbnailUrl\" srcset=\"https:\/\/ogvs.de\/wp-content\/uploads\/2017\/02\/SAM_9711_480x640.jpg 480w, https:\/\/ogvs.de\/wp-content\/uploads\/2017\/02\/SAM_9711_480x640-225x300.jpg 225w, https:\/\/ogvs.de\/wp-content\/uploads\/2017\/02\/SAM_9711_480x640-450x600.jpg 450w\" sizes=\"(max-width: 480px) 100vw, 480px\" \/><\/div><\/div><\/div><\/div>\n\n<style type=\"text\/css\" data-created_by=\"avia_inline_auto\" id=\"style-css-av-av_one_half-9497bbf8bff73ea4c6992cc17fa9ec36\">\n.flex_column.av-av_one_half-9497bbf8bff73ea4c6992cc17fa9ec36{\nborder-radius:0px 0px 0px 0px;\n-webkit-border-radius:0px 0px 0px 0px;\n-moz-border-radius:0px 0px 0px 0px;\n}\n<\/style>\n<div class='flex_column av-av_one_half-9497bbf8bff73ea4c6992cc17fa9ec36 av_one_half  avia-builder-el-15  el_after_av_one_half  el_before_av_one_half  first flex_column_div av-zero-column-padding column-top-margin'   ><section  class='av_textblock_section av-av_textblock-0366cc7376be6c9e82a3e9cc8987b64f'  itemscope=\"itemscope\" itemtype=\"https:\/\/schema.org\/CreativeWork\" ><div class='avia_textblock'  itemprop=\"text\" ><p><strong>4. Bergulme<\/strong><\/p>\n<p><strong>Noch ein Naturdenkmal f\u00fcr Seeshaupt<\/strong><\/p>\n<p>Nachdem der Gemeinderat vor der Sommerpause 2013 beschlossen hat, eine entsprechende Initiative zu bef\u00fcrworten, hat der OGVS beim Landratsamt beantragt, dass die im Oberland einzigartige Bergulme in der Pettenkoferallee 27 zum Naturdenkmal erkl\u00e4rt wird. Im <a href=\"https:\/\/ogvs.de\/wp-content\/uploads\/2017\/02\/Amtsblatt_Nr_20.pdf\" target=\"_blank\" rel=\"noopener\">Amtsblatt des Landratsamtes Weilheim-Schongau Nr. 20 vom 15. Oktober<\/a>\u00a0wurde diese Bergulme zum Naturdenkmal erkl\u00e4rt.<\/p>\n<p>Die Bergulme in der Pettenkoferallee 27 ist nicht nur rund 25 Meter hoch, sondern eines der st\u00e4rksten und pr\u00e4chtigsten Exemplare Bayerns \u00fcberhaupt. Sie d\u00fcrfte \u00fcber 200 Jahre alt sein.<\/p>\n<p>Die Bergulme hat einen Stammumfang in Brusth\u00f6he von 3,25 m, der Durchmesser betr\u00e4gt hier 1,03 m und sie ist 25 m hoch. Sie d\u00fcrfte um das Jahr 1800 als Allee baum gepflanzt worden sein. Nach unseren Recherchen ist diese Bergulme eines der st\u00e4rksten und pr\u00e4chtigsten Exemplare Bayerns. Beeindruckend ist der immer noch gute Gesundheitszustand. Sie zeigt bisher keinerlei Anzeichen eines Befalles durch den Ulmensplintk\u00e4fer, dem seit Anfang des zwanzigsten Jahrhunderts die Ulmen in gro\u00dfem Ma\u00df zum Opfer gefallen sind.<\/p>\n<p>Die Bergulme hat hohe Anspr\u00fcche an die N\u00e4hrstoffe und die Bodenbeschaffenheit. Es ist erstaunlich, dass sie auf den eher mageren Schottern eine solch hohe Vitalit\u00e4t aufweist. Die Bergulme ist ein Tiefwurzler und leidet unter Bodenverdichtung. Sie reagiert empfindlich auf Streusalzeinsatz. Der Baum steht auf einem gemeindeeigenen<br \/>\nGrundst\u00fcck.<\/p>\n<\/div><\/section><\/div>\n\n<style type=\"text\/css\" data-created_by=\"avia_inline_auto\" id=\"style-css-av-av_one_half-9c1d454dc06f7247226bc4e8f931daae\">\n.flex_column.av-av_one_half-9c1d454dc06f7247226bc4e8f931daae{\nborder-radius:0px 0px 0px 0px;\n-webkit-border-radius:0px 0px 0px 0px;\n-moz-border-radius:0px 0px 0px 0px;\n}\n<\/style>\n<div class='flex_column av-av_one_half-9c1d454dc06f7247226bc4e8f931daae av_one_half  avia-builder-el-17  el_after_av_one_half  avia-builder-el-last  flex_column_div av-zero-column-padding column-top-margin'   ><style type=\"text\/css\" data-created_by=\"avia_inline_auto\" id=\"style-css-av-av_image-1af98959d1195ef23743e278aa4b0b52\">\n.avia-image-container.av-av_image-1af98959d1195ef23743e278aa4b0b52 .av-image-caption-overlay-center{\ncolor:#ffffff;\n}\n<\/style>\n<div  class='avia-image-container av-av_image-1af98959d1195ef23743e278aa4b0b52 av-styling- av-hover-grow avia-align-center  avia-builder-el-18  avia-builder-el-no-sibling '  itemprop=\"image\" itemscope=\"itemscope\" itemtype=\"https:\/\/schema.org\/ImageObject\" ><div class=\"avia-image-container-inner\"><div class=\"avia-image-overlay-wrap\"><img decoding=\"async\" class='wp-image-613 avia-img-lazy-loading-not-613 avia_image' src=\"https:\/\/ogvs.de\/wp-content\/uploads\/2017\/02\/SAM_9637_Ausschnitt_Ulme.jpg\" alt='' title='Bergulme'  height=\"640\" width=\"480\"  itemprop=\"thumbnailUrl\" srcset=\"https:\/\/ogvs.de\/wp-content\/uploads\/2017\/02\/SAM_9637_Ausschnitt_Ulme.jpg 480w, https:\/\/ogvs.de\/wp-content\/uploads\/2017\/02\/SAM_9637_Ausschnitt_Ulme-225x300.jpg 225w, https:\/\/ogvs.de\/wp-content\/uploads\/2017\/02\/SAM_9637_Ausschnitt_Ulme-450x600.jpg 450w\" sizes=\"(max-width: 480px) 100vw, 480px\" \/><\/div><\/div><\/div><\/div>\n","protected":false},"excerpt":{"rendered":"","protected":false},"author":1,"featured_media":0,"parent":9,"menu_order":110,"comment_status":"closed","ping_status":"closed","template":"","meta":{"footnotes":""},"class_list":["post-208","page","type-page","status-publish","hentry"],"_links":{"self":[{"href":"https:\/\/ogvs.de\/index.php?rest_route=\/wp\/v2\/pages\/208","targetHints":{"allow":["GET"]}}],"collection":[{"href":"https:\/\/ogvs.de\/index.php?rest_route=\/wp\/v2\/pages"}],"about":[{"href":"https:\/\/ogvs.de\/index.php?rest_route=\/wp\/v2\/types\/page"}],"author":[{"embeddable":true,"href":"https:\/\/ogvs.de\/index.php?rest_route=\/wp\/v2\/users\/1"}],"replies":[{"embeddable":true,"href":"https:\/\/ogvs.de\/index.php?rest_route=%2Fwp%2Fv2%2Fcomments&post=208"}],"version-history":[{"count":10,"href":"https:\/\/ogvs.de\/index.php?rest_route=\/wp\/v2\/pages\/208\/revisions"}],"predecessor-version":[{"id":616,"href":"https:\/\/ogvs.de\/index.php?rest_route=\/wp\/v2\/pages\/208\/revisions\/616"}],"up":[{"embeddable":true,"href":"https:\/\/ogvs.de\/index.php?rest_route=\/wp\/v2\/pages\/9"}],"wp:attachment":[{"href":"https:\/\/ogvs.de\/index.php?rest_route=%2Fwp%2Fv2%2Fmedia&parent=208"}],"curies":[{"name":"wp","href":"https:\/\/api.w.org\/{rel}","templated":true}]}}