{"id":210,"date":"2017-02-20T09:23:14","date_gmt":"2017-02-20T09:23:14","guid":{"rendered":"http:\/\/ogvs.de\/?page_id=210"},"modified":"2017-07-19T17:05:31","modified_gmt":"2017-07-19T17:05:31","slug":"dorfspaziergang","status":"publish","type":"page","link":"https:\/\/ogvs.de\/?page_id=210","title":{"rendered":"Dorfspaziergang"},"content":{"rendered":"<p><strong>Spaziergang durch Seeshaupt, Jenhausen, Magnetsried, Seeseiten und Hohenberg<\/strong><\/p>\n<p>Mit der Herausgabe der Brosch\u00fcre \u201eSpaziergang durch Seeshaupt, Jenhausen, Magnetsried, Seeseiten und Hohenberg\u201c im Juli 2016 wurde das Projekt \u201eSpaziergang Seeshaupt\u201c erfolgreich abgeschlossen.<\/p>\n<p>Im Fr\u00fchjahr 2017 erschien\u00a0eine \u00fcberarbeitete neue Auflage. Die Brosch\u00fcre k\u00f6nnen Sie beispielsweise im Rathaus erhalten oder online unter <a href=\"https:\/\/ogvs.de\/wp-content\/uploads\/2017\/02\/Dorfspaziergang-Seeshaupt-2017.pdf\" target=\"_blank\" rel=\"noopener\">Dorfspaziergang Seeshaupt 2017.<\/a><\/p>\n","protected":false},"excerpt":{"rendered":"<p>Spaziergang durch Seeshaupt, Jenhausen, Magnetsried, Seeseiten und Hohenberg Mit der Herausgabe der Brosch\u00fcre \u201eSpaziergang durch Seeshaupt, Jenhausen, Magnetsried, Seeseiten und Hohenberg\u201c im Juli 2016 wurde das Projekt \u201eSpaziergang Seeshaupt\u201c erfolgreich abgeschlossen. Im Fr\u00fchjahr 2017 erschien\u00a0eine \u00fcberarbeitete neue Auflage. Die Brosch\u00fcre k\u00f6nnen Sie beispielsweise im Rathaus erhalten oder online unter Dorfspaziergang Seeshaupt 2017.<\/p>\n","protected":false},"author":1,"featured_media":365,"parent":9,"menu_order":80,"comment_status":"closed","ping_status":"closed","template":"","meta":{"footnotes":""},"class_list":["post-210","page","type-page","status-publish","has-post-thumbnail","hentry"],"_links":{"self":[{"href":"https:\/\/ogvs.de\/index.php?rest_route=\/wp\/v2\/pages\/210","targetHints":{"allow":["GET"]}}],"collection":[{"href":"https:\/\/ogvs.de\/index.php?rest_route=\/wp\/v2\/pages"}],"about":[{"href":"https:\/\/ogvs.de\/index.php?rest_route=\/wp\/v2\/types\/page"}],"author":[{"embeddable":true,"href":"https:\/\/ogvs.de\/index.php?rest_route=\/wp\/v2\/users\/1"}],"replies":[{"embeddable":true,"href":"https:\/\/ogvs.de\/index.php?rest_route=%2Fwp%2Fv2%2Fcomments&post=210"}],"version-history":[{"count":6,"href":"https:\/\/ogvs.de\/index.php?rest_route=\/wp\/v2\/pages\/210\/revisions"}],"predecessor-version":[{"id":737,"href":"https:\/\/ogvs.de\/index.php?rest_route=\/wp\/v2\/pages\/210\/revisions\/737"}],"up":[{"embeddable":true,"href":"https:\/\/ogvs.de\/index.php?rest_route=\/wp\/v2\/pages\/9"}],"wp:featuredmedia":[{"embeddable":true,"href":"https:\/\/ogvs.de\/index.php?rest_route=\/wp\/v2\/media\/365"}],"wp:attachment":[{"href":"https:\/\/ogvs.de\/index.php?rest_route=%2Fwp%2Fv2%2Fmedia&parent=210"}],"curies":[{"name":"wp","href":"https:\/\/api.w.org\/{rel}","templated":true}]}}