{"id":326,"date":"2017-06-13T16:21:24","date_gmt":"2017-06-13T16:21:24","guid":{"rendered":"http:\/\/ogvs.de\/?page_id=326"},"modified":"2017-06-16T18:52:48","modified_gmt":"2017-06-16T18:52:48","slug":"impressum-2","status":"publish","type":"page","link":"https:\/\/ogvs.de\/?page_id=326","title":{"rendered":"Impressum"},"content":{"rendered":"<p><strong>Impressum<\/strong><\/p>\n<p>Verantwortlich: Ortsgestaltungs- und Versch\u00f6nerungsverein Seeshaupt e.V. &#8211; OGVS<br \/>\nBaumschulenstra\u00dfe 8<br \/>\n82402 Seeshaupt<br \/>\nTel. 08801\/23 02<\/p>\n<p>email: vorstand@ogvs.de<\/p>\n<p>Vertretungsberechtigter Vorstand: Wolfgang Franz<br \/>\nBaumschulenstra\u00dfe 8<br \/>\n82402 Seeshaupt<br \/>\nTel. 08801\/23 02<\/p>\n<p>Bildnachweis:<br \/>\nMitglieder und Freunde des OGVS<\/p>\n<p><strong>Haftungsausschlu\u00df:<\/strong><br \/>\nInhalte<\/p>\n<p>Der Inhalt dieser Seiten wurde sorgf\u00e4ltig bearbeitet und \u00fcberpr\u00fcft. OGVS \u00fcbernimmt jedoch keine Gew\u00e4hr f\u00fcr die Aktualit\u00e4t, Richtigkeit, Vollst\u00e4ndigkeit oder Qualit\u00e4t der bereitgestellten Informationen.<\/p>\n<p>Haftungsanspr\u00fcche gegen OGVS, die sich auf Sch\u00e4den materieller oder ideeller Art beziehen, welche durch die Nutzung oder Nichtnutzung der dargebotenen Informationen oder durch fehlerhafte und unvollst\u00e4ndige Informationen verursacht wurden, sind grunds\u00e4tzlich ausgeschlossen, sofern seitens OGVS kein nachweislich vors\u00e4tzliches oder grob fahrl\u00e4ssiges Verschulden vorliegt.<\/p>\n<p>OGVS beh\u00e4lt sich ausdr\u00fccklich das Recht vor, Teile der Seite oder das gesamte Angebot ohne vorherige Ank\u00fcndigung zu ver\u00e4ndern, zu erg\u00e4nzen, zu l\u00f6schen oder die Ver\u00f6ffentlichung einzustellen.<\/p>\n<p>Links<\/p>\n<p>Sofern OGVS direkt oder indirekt auf fremde Internetseiten verweist (&#8222;Links&#8220;), haftet OGVS nur, wenn er von den Inhalten genaue Kenntnis hat und es ihm technisch m\u00f6glich und zumutbar ist, die Nutzung im Falle rechtswidriger Inhalte zu verhindern.<\/p>\n<p>OGVS erkl\u00e4rt hiermit ausdr\u00fccklich, dass zum Zeitpunkt der Linksetzung die verlinkten Seiten keine illegalen Inhalte enthalten haben. OGVS hat keinerlei Einfluss auf die aktuelle und zuk\u00fcnftige Gestaltung der verlinkten Seiten. OGVS distanziert sich daher hiermit ausdr\u00fccklich von allen inhaltlichen \u00c4nderungen, die nach der Linkssetzung auf den verlinkten Seiten vorgenommen werden.<\/p>\n<p>OGVS ist nicht verantwortlich f\u00fcr den Inhalt, die Verf\u00fcgbarkeit, die Richtigkeit und die Genauigkeit der verlinkten Seiten, deren Angebote, Links oder Werbeanzeigen. OGVS haftet nicht f\u00fcr illegale, fehlerhafte oder unvollst\u00e4ndige Inhalte und insbesondere f\u00fcr Sch\u00e4den, die durch Nutzung oder Nichtnutzung der auf den verlinkten Seiten angebotenen Informationen entstehen.<\/p>\n<p>Urheberrecht<\/p>\n<p>OGVS ist bestrebt, in allen Publikationen geltende Urheberrechte zu beachten. Sollte es trotzdem zu einer Urheberrechtsverletzung kommen, wird OGVS das entsprechende Objekt nach Benachrichtigung aus seiner Publikation entfernen bzw. mit dem entsprechenden Urheberrecht kenntlich machen.<\/p>\n<p>Alle innerhalb des Internetangebots genannten und gegebenenfalls durch Dritte gesch\u00fctzten Marken- und Warenzeichen unterliegen uneingeschr\u00e4nkt den Bestimmungen des jeweils g\u00fcltigen Kennzeichenrechts und den Besitzrechten der jeweiligen eingetragenen Eigent\u00fcmer. Allein aufgrund der blo\u00dfen Nennung ist nicht der Schluss zu ziehen, dass Markenzeichen nicht durch Rechte Dritter gesch\u00fctzt sind.<\/p>\n<p>Das Urheberecht f\u00fcr die eigenen Inhalte OGVS auf der Domain www.OGVS.de steht allein OGVS zu. Eine Vervielf\u00e4ltigung solcher Grafiken, Sounds oder Texte in anderen elektronischen oder gedruckten Publikationen ist ohne ausdr\u00fcckliche Zustimmung OGVS nicht gestattet.<\/p>\n<p>Rechtswirksamkeit<\/p>\n<p>Dieser Haftungsausschluss ist als Teil des Internetangebotes zu betrachten, von dem aus auf diese Seite verwiesen wurde. Sofern Teile oder einzelne Formulierungen dieses Textes der geltenden Rechtslage nicht, nicht mehr oder nicht vollst\u00e4ndig entsprechen sollten, bleiben die \u00fcbrigen Teile des Dokumentes in ihrem Inhalt und ihrer G\u00fcltigkeit hiervon unber\u00fchrt.<\/p>\n","protected":false},"excerpt":{"rendered":"<p>Impressum Verantwortlich: Ortsgestaltungs- und Versch\u00f6nerungsverein Seeshaupt e.V. &#8211; OGVS Baumschulenstra\u00dfe 8 82402 Seeshaupt Tel. 08801\/23 02 email: vorstand@ogvs.de Vertretungsberechtigter Vorstand: Wolfgang Franz Baumschulenstra\u00dfe 8 82402 Seeshaupt Tel. 08801\/23 02 Bildnachweis: Mitglieder und Freunde des OGVS Haftungsausschlu\u00df: Inhalte Der Inhalt dieser Seiten wurde sorgf\u00e4ltig bearbeitet und \u00fcberpr\u00fcft. OGVS \u00fcbernimmt jedoch keine Gew\u00e4hr f\u00fcr die Aktualit\u00e4t, Richtigkeit, [&hellip;]<\/p>\n","protected":false},"author":1,"featured_media":0,"parent":0,"menu_order":0,"comment_status":"closed","ping_status":"closed","template":"","meta":{"footnotes":""},"class_list":["post-326","page","type-page","status-publish","hentry"],"_links":{"self":[{"href":"https:\/\/ogvs.de\/index.php?rest_route=\/wp\/v2\/pages\/326","targetHints":{"allow":["GET"]}}],"collection":[{"href":"https:\/\/ogvs.de\/index.php?rest_route=\/wp\/v2\/pages"}],"about":[{"href":"https:\/\/ogvs.de\/index.php?rest_route=\/wp\/v2\/types\/page"}],"author":[{"embeddable":true,"href":"https:\/\/ogvs.de\/index.php?rest_route=\/wp\/v2\/users\/1"}],"replies":[{"embeddable":true,"href":"https:\/\/ogvs.de\/index.php?rest_route=%2Fwp%2Fv2%2Fcomments&post=326"}],"version-history":[{"count":3,"href":"https:\/\/ogvs.de\/index.php?rest_route=\/wp\/v2\/pages\/326\/revisions"}],"predecessor-version":[{"id":403,"href":"https:\/\/ogvs.de\/index.php?rest_route=\/wp\/v2\/pages\/326\/revisions\/403"}],"wp:attachment":[{"href":"https:\/\/ogvs.de\/index.php?rest_route=%2Fwp%2Fv2%2Fmedia&parent=326"}],"curies":[{"name":"wp","href":"https:\/\/api.w.org\/{rel}","templated":true}]}}