{"id":420,"date":"2017-06-22T10:15:24","date_gmt":"2017-06-22T10:15:24","guid":{"rendered":"http:\/\/ogvs.de\/?page_id=420"},"modified":"2017-07-21T07:47:03","modified_gmt":"2017-07-21T07:47:03","slug":"ortsgestaltungssatzung-2","status":"publish","type":"page","link":"https:\/\/ogvs.de\/?page_id=420","title":{"rendered":"Ortsgestaltungssatzung"},"content":{"rendered":"<p><strong>Sind Ortsgestaltungssatzungen noch zeitgem\u00e4\u00df &#8211; Podiumsdiskussion<\/strong><\/p>\n<p>In Kooperation zwischen dem OGVS und dem Wessobrunner Kreis hat am 7. Mai 2015 eine Podiumsdiskussion zum Thema \u201eSind Ortsgestaltungssatzungen noch zeitgem\u00e4\u00df?\u201c\u00a0stattgefunden. Auf dem Podium im Festsaal der Seeshaupter Seeresidenz diskutierten der Starnberger Kreisbaumeister Dr. Christian K\u00fchnel, die Architekten Stephan Maria Lang, M\u00fcnchen, Wolf-Eckart L\u00fcps, Schondorf, Benedikt Sunder-Plassmann, Greifenberg und Thomas Lauer vom Bayerischen Landesverein f\u00fcr Heimatpflege, M\u00fcnchen. Die Gespr\u00e4chsleitung hatte Wolf-Eckart L\u00fcps, Vorstand des Wessobrunner Kreises.<\/p>\n<p>Als Fazit der Veranstaltung kann die Aussage von Dr. Christian K\u00f6nig gelten: Ortsgestaltungssatzungen sollten ein Grundkonstrukt m\u00f6glichst unanfechtbare Regeln sein. Der OGVS m\u00f6chte dem hinzuf\u00fcgen: Und die richtigen Regeln m\u00fcssen es sein. Wer die \u00dcberarbeitung bestehender Regelwerke leisten kann, dazu kann zum Beispiel der Wessobrunner Kreis Empfehlungen geben.<\/p>\n<p>Der Gesch\u00e4ftsf\u00fchrer der Seeresidenz, Stefan M\u00fcller, hat den Saal f\u00fcr die Veranstaltung kostenlos zur Verf\u00fcgung gestellt. Daf\u00fcr m\u00f6chte der OGVS ausdr\u00fccklich danken.<\/p>\n<p>&nbsp;<\/p>\n<p><a href=\"http:\/\/www.seeshaupt.de\/Gemeinde\/Satzung\/Ortsgestaltungssatzung2006.pdf\" target=\"_blank\" rel=\"noopener\">Und hier finden Sie die Seeshaupter Ortsgestaltungssatzung.<\/a><\/p>\n<p>Ein Bitte: Sollte der Link nicht mehr funktionieren, dann geben Sie uns Bescheid!<\/p>\n","protected":false},"excerpt":{"rendered":"<p>Sind Ortsgestaltungssatzungen noch zeitgem\u00e4\u00df &#8211; Podiumsdiskussion In Kooperation zwischen dem OGVS und dem Wessobrunner Kreis hat am 7. Mai 2015 eine Podiumsdiskussion zum Thema \u201eSind Ortsgestaltungssatzungen noch zeitgem\u00e4\u00df?\u201c\u00a0stattgefunden. Auf dem Podium im Festsaal der Seeshaupter Seeresidenz diskutierten der Starnberger Kreisbaumeister Dr. Christian K\u00fchnel, die Architekten Stephan Maria Lang, M\u00fcnchen, Wolf-Eckart L\u00fcps, Schondorf, Benedikt Sunder-Plassmann, Greifenberg [&hellip;]<\/p>\n","protected":false},"author":1,"featured_media":0,"parent":189,"menu_order":30,"comment_status":"closed","ping_status":"closed","template":"","meta":{"footnotes":""},"class_list":["post-420","page","type-page","status-publish","hentry"],"_links":{"self":[{"href":"https:\/\/ogvs.de\/index.php?rest_route=\/wp\/v2\/pages\/420","targetHints":{"allow":["GET"]}}],"collection":[{"href":"https:\/\/ogvs.de\/index.php?rest_route=\/wp\/v2\/pages"}],"about":[{"href":"https:\/\/ogvs.de\/index.php?rest_route=\/wp\/v2\/types\/page"}],"author":[{"embeddable":true,"href":"https:\/\/ogvs.de\/index.php?rest_route=\/wp\/v2\/users\/1"}],"replies":[{"embeddable":true,"href":"https:\/\/ogvs.de\/index.php?rest_route=%2Fwp%2Fv2%2Fcomments&post=420"}],"version-history":[{"count":6,"href":"https:\/\/ogvs.de\/index.php?rest_route=\/wp\/v2\/pages\/420\/revisions"}],"predecessor-version":[{"id":744,"href":"https:\/\/ogvs.de\/index.php?rest_route=\/wp\/v2\/pages\/420\/revisions\/744"}],"up":[{"embeddable":true,"href":"https:\/\/ogvs.de\/index.php?rest_route=\/wp\/v2\/pages\/189"}],"wp:attachment":[{"href":"https:\/\/ogvs.de\/index.php?rest_route=%2Fwp%2Fv2%2Fmedia&parent=420"}],"curies":[{"name":"wp","href":"https:\/\/api.w.org\/{rel}","templated":true}]}}