{"id":502,"date":"2017-06-27T18:13:29","date_gmt":"2017-06-27T18:13:29","guid":{"rendered":"http:\/\/ogvs.de\/?page_id=502"},"modified":"2019-02-15T17:38:48","modified_gmt":"2019-02-15T17:38:48","slug":"jahresberichte","status":"publish","type":"page","link":"https:\/\/ogvs.de\/?page_id=502","title":{"rendered":"Jahres- und T\u00e4tigkeitsberichte"},"content":{"rendered":"<p><strong>Jahres- und T\u00e4tigkeitsberichte<\/strong><\/p>\n<p>Hier bieten wir Ihnen einen konzentrierten \u00dcberblick zu unseren Aktivit\u00e4ten der vergangenen Jahre.<\/p>\n<p><a href=\"https:\/\/ogvs.de\/wp-content\/uploads\/2019\/02\/JAB_2018m.pdf\">Jahresbericht 2018<\/a><\/p>\n<p><a href=\"https:\/\/ogvs.de\/wp-content\/uploads\/2017\/06\/Jahresbericht-2016-2017.pdf\" target=\"_blank\" rel=\"noopener\">Jahresbericht 2016 &#8211; 2017<\/a><\/p>\n<p><a href=\"https:\/\/ogvs.de\/wp-content\/uploads\/2017\/06\/Taetigkeitsbericht-2015.pdf\" target=\"_blank\" rel=\"noopener\">T\u00e4tigkeitsbericht 2015<\/a><\/p>\n<p><a href=\"https:\/\/ogvs.de\/wp-content\/uploads\/2017\/06\/Taetigkeitsbericht-2014.pdf\" target=\"_blank\" rel=\"noopener\">T\u00e4tigkeitsbericht 2014<\/a><\/p>\n<p><a href=\"https:\/\/ogvs.de\/wp-content\/uploads\/2017\/07\/Taetigkeitsbericht-2013.pdf\" target=\"_blank\" rel=\"noopener\">T\u00e4tigkeitsbericht 2013<\/a><\/p>\n<p><a href=\"https:\/\/ogvs.de\/wp-content\/uploads\/2017\/06\/Taetigkeitsbericht-2012_A-1.pdf\" target=\"_blank\" rel=\"noopener\">T\u00e4tigkeitsbericht 2012<\/a><\/p>\n","protected":false},"excerpt":{"rendered":"<p>Jahres- und T\u00e4tigkeitsberichte Hier bieten wir Ihnen einen konzentrierten \u00dcberblick zu unseren Aktivit\u00e4ten der vergangenen Jahre. Jahresbericht 2018 Jahresbericht 2016 &#8211; 2017 T\u00e4tigkeitsbericht 2015 T\u00e4tigkeitsbericht 2014 T\u00e4tigkeitsbericht 2013 T\u00e4tigkeitsbericht 2012<\/p>\n","protected":false},"author":1,"featured_media":0,"parent":9,"menu_order":10,"comment_status":"closed","ping_status":"closed","template":"","meta":{"footnotes":""},"class_list":["post-502","page","type-page","status-publish","hentry"],"_links":{"self":[{"href":"https:\/\/ogvs.de\/index.php?rest_route=\/wp\/v2\/pages\/502","targetHints":{"allow":["GET"]}}],"collection":[{"href":"https:\/\/ogvs.de\/index.php?rest_route=\/wp\/v2\/pages"}],"about":[{"href":"https:\/\/ogvs.de\/index.php?rest_route=\/wp\/v2\/types\/page"}],"author":[{"embeddable":true,"href":"https:\/\/ogvs.de\/index.php?rest_route=\/wp\/v2\/users\/1"}],"replies":[{"embeddable":true,"href":"https:\/\/ogvs.de\/index.php?rest_route=%2Fwp%2Fv2%2Fcomments&post=502"}],"version-history":[{"count":16,"href":"https:\/\/ogvs.de\/index.php?rest_route=\/wp\/v2\/pages\/502\/revisions"}],"predecessor-version":[{"id":1513,"href":"https:\/\/ogvs.de\/index.php?rest_route=\/wp\/v2\/pages\/502\/revisions\/1513"}],"up":[{"embeddable":true,"href":"https:\/\/ogvs.de\/index.php?rest_route=\/wp\/v2\/pages\/9"}],"wp:attachment":[{"href":"https:\/\/ogvs.de\/index.php?rest_route=%2Fwp%2Fv2%2Fmedia&parent=502"}],"curies":[{"name":"wp","href":"https:\/\/api.w.org\/{rel}","templated":true}]}}