{"id":640,"date":"2017-07-04T07:39:32","date_gmt":"2017-07-04T07:39:32","guid":{"rendered":"http:\/\/ogvs.de\/?page_id=640"},"modified":"2017-07-19T15:15:07","modified_gmt":"2017-07-19T15:15:07","slug":"brunnenplatz","status":"publish","type":"page","link":"https:\/\/ogvs.de\/?page_id=640","title":{"rendered":"Brunnenplatz"},"content":{"rendered":"<p><strong>Brunnenplatz<\/strong><\/p>\n<p>Nachdem der sogenannte Brunnenplatz, der in den 70er Jahren zwischen dem Leis-Haus (Antiquit\u00e4tengesch\u00e4ft) und dem Schwaighofer-Haus (Schreibwarengesch\u00e4ft) angelegt wurde, zwischenzeitlich total verwildert war &#8211; und das mitten im Dorf &#8211; hat der OGVS beschlossen, ihn nach R\u00fccksprache mit dem B\u00fcrgermeister zu rekultivieren.<\/p>\n<p>Freundlicherweise stellt die uns die Gemeinde daf\u00fcr zwei Mitglieder des Bauhofs mit dem erforderlichen Maschinenpark zur Seite. Mit Ihrer Hilfe konnten die ausgewachsenen, zum Teil schon sehr h\u00e4sslichen Str\u00e4ucher, Stauden und sonstiger Wildwuchs, die die sch\u00f6nen Fassaden des dortigen Ensembles verdeckten und bereits ein Verkehrshindernis im Fu\u00dfg\u00e4ngerbereich darstellten, schnell entfernt werden. Die \u00fcberwucherten Bodenplatten wurden wieder zum Vorschein gebracht.<\/p>\n<p><img loading=\"lazy\" decoding=\"async\" class=\"size-full wp-image-688 alignleft\" src=\"https:\/\/ogvs.de\/wp-content\/uploads\/2017\/07\/1.2_brunnenplatz.jpg\" alt=\"\" width=\"480\" height=\"360\" srcset=\"https:\/\/ogvs.de\/wp-content\/uploads\/2017\/07\/1.2_brunnenplatz.jpg 480w, https:\/\/ogvs.de\/wp-content\/uploads\/2017\/07\/1.2_brunnenplatz-300x225.jpg 300w, https:\/\/ogvs.de\/wp-content\/uploads\/2017\/07\/1.2_brunnenplatz-450x338.jpg 450w\" sizes=\"auto, (max-width: 480px) 100vw, 480px\" \/>Das gro\u00dfe Blumenbeet entlang dem Leis-Haus wurde nach einem Konzept von Herrn Helmut Klug neu angelegt und bepflanzt, die gesamte Rasenfl\u00e4che humusiert und neu einges\u00e4t, die Kiesfl\u00e4che bis hin zu Hauptstra\u00dfe in Ordnung gebracht und die Bodenplatten wieder frisch verlegt.<\/p>\n<p>Zuletzt hat Herr Alois Emmler den Fassadenanstrich am Waschhaus kostenlos fachgerecht und geschmackvoll erneuert und Herr Helmut Klug der auswuchernden Thuja eine charmante Krone verpasst (das Bild zeigt den Baum noch vor dieser Arbeit). Beiden ein herzliches Dankesch\u00f6n daf\u00fcr. Von der Gemeinde wurden dankenswerterweise die alten schon morschen Gartenm\u00f6bel durch zwei Hausb\u00e4nke ersetzt. Die im Herbst gesteckten Blumenzwiebeln werden demn\u00e4chst &#8211; hoffentlich! &#8211; \u00fcppig sprie\u00dfen.<\/p>\n<p><img loading=\"lazy\" decoding=\"async\" class=\"size-full wp-image-690 alignleft\" src=\"https:\/\/ogvs.de\/wp-content\/uploads\/2017\/07\/1.3_brunnenplatz.jpg\" alt=\"\" width=\"480\" height=\"360\" srcset=\"https:\/\/ogvs.de\/wp-content\/uploads\/2017\/07\/1.3_brunnenplatz.jpg 480w, https:\/\/ogvs.de\/wp-content\/uploads\/2017\/07\/1.3_brunnenplatz-300x225.jpg 300w, https:\/\/ogvs.de\/wp-content\/uploads\/2017\/07\/1.3_brunnenplatz-450x338.jpg 450w\" sizes=\"auto, (max-width: 480px) 100vw, 480px\" \/>Der OGVS dankt noch einmal allen Beteiligten, den Vereinsmitgliedern &#8211; vor allem Marianne Eschbaumer -, den Mitgliedern des Bauhofs und der Gemeinde. Die f\u00fcnf Tage dauern Arbeiten waren zum Teil sehr m\u00fchevoll, sie haben sich aber gelohnt &#8211; das Ergebnis kann sich sehen lassen. Vielen Dank auch an Frau Ortrud Hohenfeld, die anschlie\u00dfend die Pflege des Blumenbeetes und der Neupflanzungen \u00fcbernommen hat.<\/p>\n","protected":false},"excerpt":{"rendered":"<p>Brunnenplatz Nachdem der sogenannte Brunnenplatz, der in den 70er Jahren zwischen dem Leis-Haus (Antiquit\u00e4tengesch\u00e4ft) und dem Schwaighofer-Haus (Schreibwarengesch\u00e4ft) angelegt wurde, zwischenzeitlich total verwildert war &#8211; und das mitten im Dorf &#8211; hat der OGVS beschlossen, ihn nach R\u00fccksprache mit dem B\u00fcrgermeister zu rekultivieren. Freundlicherweise stellt die uns die Gemeinde daf\u00fcr zwei Mitglieder des Bauhofs mit [&hellip;]<\/p>\n","protected":false},"author":1,"featured_media":0,"parent":9,"menu_order":20,"comment_status":"closed","ping_status":"closed","template":"","meta":{"footnotes":""},"class_list":["post-640","page","type-page","status-publish","hentry"],"_links":{"self":[{"href":"https:\/\/ogvs.de\/index.php?rest_route=\/wp\/v2\/pages\/640","targetHints":{"allow":["GET"]}}],"collection":[{"href":"https:\/\/ogvs.de\/index.php?rest_route=\/wp\/v2\/pages"}],"about":[{"href":"https:\/\/ogvs.de\/index.php?rest_route=\/wp\/v2\/types\/page"}],"author":[{"embeddable":true,"href":"https:\/\/ogvs.de\/index.php?rest_route=\/wp\/v2\/users\/1"}],"replies":[{"embeddable":true,"href":"https:\/\/ogvs.de\/index.php?rest_route=%2Fwp%2Fv2%2Fcomments&post=640"}],"version-history":[{"count":3,"href":"https:\/\/ogvs.de\/index.php?rest_route=\/wp\/v2\/pages\/640\/revisions"}],"predecessor-version":[{"id":694,"href":"https:\/\/ogvs.de\/index.php?rest_route=\/wp\/v2\/pages\/640\/revisions\/694"}],"up":[{"embeddable":true,"href":"https:\/\/ogvs.de\/index.php?rest_route=\/wp\/v2\/pages\/9"}],"wp:attachment":[{"href":"https:\/\/ogvs.de\/index.php?rest_route=%2Fwp%2Fv2%2Fmedia&parent=640"}],"curies":[{"name":"wp","href":"https:\/\/api.w.org\/{rel}","templated":true}]}}