{"id":765,"date":"2017-07-27T07:53:06","date_gmt":"2017-07-27T07:53:06","guid":{"rendered":"http:\/\/ogvs.de\/?page_id=765"},"modified":"2017-07-27T08:09:47","modified_gmt":"2017-07-27T08:09:47","slug":"ruhebaenke","status":"publish","type":"page","link":"https:\/\/ogvs.de\/?page_id=765","title":{"rendered":"Ruheb\u00e4nke"},"content":{"rendered":"<p><strong>Ruheb\u00e4nke<\/strong><\/p>\n<p>Hier finden Sie eine Dokumentation der Ruheb\u00e4nke, die der OGVS gespendet hat:<br \/>\n<a href=\"https:\/\/ogvs.de\/wp-content\/uploads\/2017\/07\/19-OGVS-B\u00e4nke-April-2017.pdf\">19 OGVS B\u00e4nke April 2017<\/a><\/p>\n","protected":false},"excerpt":{"rendered":"<p>Ruheb\u00e4nke Hier finden Sie eine Dokumentation der Ruheb\u00e4nke, die der OGVS gespendet hat: 19 OGVS B\u00e4nke April 2017<\/p>\n","protected":false},"author":1,"featured_media":0,"parent":9,"menu_order":100,"comment_status":"closed","ping_status":"closed","template":"","meta":{"footnotes":""},"class_list":["post-765","page","type-page","status-publish","hentry"],"_links":{"self":[{"href":"https:\/\/ogvs.de\/index.php?rest_route=\/wp\/v2\/pages\/765","targetHints":{"allow":["GET"]}}],"collection":[{"href":"https:\/\/ogvs.de\/index.php?rest_route=\/wp\/v2\/pages"}],"about":[{"href":"https:\/\/ogvs.de\/index.php?rest_route=\/wp\/v2\/types\/page"}],"author":[{"embeddable":true,"href":"https:\/\/ogvs.de\/index.php?rest_route=\/wp\/v2\/users\/1"}],"replies":[{"embeddable":true,"href":"https:\/\/ogvs.de\/index.php?rest_route=%2Fwp%2Fv2%2Fcomments&post=765"}],"version-history":[{"count":2,"href":"https:\/\/ogvs.de\/index.php?rest_route=\/wp\/v2\/pages\/765\/revisions"}],"predecessor-version":[{"id":776,"href":"https:\/\/ogvs.de\/index.php?rest_route=\/wp\/v2\/pages\/765\/revisions\/776"}],"up":[{"embeddable":true,"href":"https:\/\/ogvs.de\/index.php?rest_route=\/wp\/v2\/pages\/9"}],"wp:attachment":[{"href":"https:\/\/ogvs.de\/index.php?rest_route=%2Fwp%2Fv2%2Fmedia&parent=765"}],"curies":[{"name":"wp","href":"https:\/\/api.w.org\/{rel}","templated":true}]}}